{"id":67,"date":"2019-02-28T23:28:22","date_gmt":"2019-02-28T22:28:22","guid":{"rendered":"https:\/\/geruestbau-ulm.de\/?page_id=67"},"modified":"2020-10-27T11:46:14","modified_gmt":"2020-10-27T10:46:14","slug":"dienstleistungen","status":"publish","type":"page","link":"https:\/\/geruestbau-ulm.de\/index.php\/home\/dienstleistungen\/","title":{"rendered":"Dienstleistungen"},"content":{"rendered":"\n\t\t\t<h1>Dienstleistungen<\/h1>\t\t\t\n\t<h2>\n\t\t\t\tUnsere Dienstleistungen\n\t\t\t<\/h2>\n\t\t<p>Im folgenden m\u00f6chten wir Ihnen unsere Dienstleistungen, die wir Ihnen im Gro\u00dfraum Ulm \/ Neu-Ulm \u00a0anbieten k\u00f6nnen vorstellen. Neben dem Aufbau von au\u00dfergew\u00f6hnliche und normale Ger\u00fcstkonstruktionen haben wir uns auf den Bau von Modulger\u00fcsten im Bereich Industrie spezialisiert. Zudem sind unsere Dienstleistungen auch im Nachtschichtbetrieb m\u00f6glich. Das bedeutet wenn beispielsweise in einem Kraftwerk das Ger\u00fcst erst in der Nacht abgebaut werden kann damit die Brennkammer morgens wie geplant den Betrieb aufnimmt wird dies durch unser Team p\u00fcnktlich bis zum Morgen durchgef\u00fchrt.Erweiterte Auftr\u00e4ge wie Abbruch- oder Abreinigungsarbeiten in Kesseln werden von uns ebenfalls Angeboten.<\/p>\t\n\t<h3>\n\t\t\t\tUnsere Hauptleistungen\n\t\t\t<\/h3>\n\t<ul>\n\t\t<li>\t\t\t\t\n\t\t<h4>Kesseleinr\u00fcstungen jeglicher Art<\/h4 ><\/li><li>\t\t\t\t\n\t\t<h4>Brennkammereinr\u00fcstungen<\/h4 ><\/li><li>\t\t\t\t\n\t\t<h4>Fl\u00e4chenger\u00fcste<\/h4 ><\/li><li>\t\t\t\t\n\t\t<h4>Schwerlastger\u00fcste<\/h4 ><\/li><li>\t\t\t\t\n\t\t<h4>Zeltbau \/ Einhausungen<\/h4 ><\/li>\t<\/ul>\n\t\t\t\t<img loading=\"lazy\" decoding=\"async\" src=\"https:\/\/geruestbau-ulm.de\/wp-content\/uploads\/2019\/05\/geruestaufbau-zimmermann-ulm.jpg\" alt=\"geruestaufbau-zimmermann-ulm\" itemprop=\"image\" height=\"640\" width=\"480\" title=\"geruestaufbau-zimmermann-ulm\" onerror=\"this.style.display='none'\"  \/>\n\t\t<h3>Falls Sie weitere Fragen haben k\u00f6nnen Sie diese jederzeit \u00fcber unser Kontaktformular an uns weiterleiten.<\/h3>\n\t\t\t<a href=\"\/index.php\/kontakt\/\" target=\"_self\" role=\"button\" rel=\"noopener noreferrer\">\n\t\t\t\t\t\t\t\t\t\t\tKontaktieren Sie uns\n\t\t<\/a>\n","protected":false},"excerpt":{"rendered":"<p>Dienstleistungen Unsere Dienstleistungen Im folgenden m\u00f6chten wir Ihnen unsere Dienstleistungen, die wir Ihnen im Gro\u00dfraum Ulm \/ Neu-Ulm \u00a0anbieten k\u00f6nnen vorstellen. Neben dem Aufbau von au\u00dfergew\u00f6hnliche und normale Ger\u00fcstkonstruktionen haben wir uns auf den Bau von Modulger\u00fcsten im Bereich Industrie spezialisiert. Zudem sind unsere Dienstleistungen auch im Nachtschichtbetrieb m\u00f6glich. Das bedeutet wenn beispielsweise in einem&hellip;<\/p>\n","protected":false},"author":1,"featured_media":0,"parent":5,"menu_order":0,"comment_status":"closed","ping_status":"closed","template":"","meta":{"footnotes":""},"_links":{"self":[{"href":"https:\/\/geruestbau-ulm.de\/index.php\/wp-json\/wp\/v2\/pages\/67"}],"collection":[{"href":"https:\/\/geruestbau-ulm.de\/index.php\/wp-json\/wp\/v2\/pages"}],"about":[{"href":"https:\/\/geruestbau-ulm.de\/index.php\/wp-json\/wp\/v2\/types\/page"}],"author":[{"embeddable":true,"href":"https:\/\/geruestbau-ulm.de\/index.php\/wp-json\/wp\/v2\/users\/1"}],"replies":[{"embeddable":true,"href":"https:\/\/geruestbau-ulm.de\/index.php\/wp-json\/wp\/v2\/comments?post=67"}],"version-history":[{"count":8,"href":"https:\/\/geruestbau-ulm.de\/index.php\/wp-json\/wp\/v2\/pages\/67\/revisions"}],"predecessor-version":[{"id":398,"href":"https:\/\/geruestbau-ulm.de\/index.php\/wp-json\/wp\/v2\/pages\/67\/revisions\/398"}],"up":[{"embeddable":true,"href":"https:\/\/geruestbau-ulm.de\/index.php\/wp-json\/wp\/v2\/pages\/5"}],"wp:attachment":[{"href":"https:\/\/geruestbau-ulm.de\/index.php\/wp-json\/wp\/v2\/media?parent=67"}],"curies":[{"name":"wp","href":"https:\/\/api.w.org\/{rel}","templated":true}]}}