{"id":5,"date":"2018-12-07T01:22:28","date_gmt":"2018-12-07T00:22:28","guid":{"rendered":"https:\/\/geruestbau-ulm.de\/?page_id=5"},"modified":"2020-10-27T11:28:14","modified_gmt":"2020-10-27T10:28:14","slug":"home","status":"publish","type":"page","link":"https:\/\/geruestbau-ulm.de\/","title":{"rendered":"Home"},"content":{"rendered":"\n\t\t\t<h1>Zimmermann Ger\u00fcstbautechnik<\/h1><h1>Ihr zuverl\u00e4ssiger Partner f\u00fcr Ger\u00fcstbau im Gro\u00dfraum Ulm und Neu-Ulm.<\/h1>\t\t\t\n\t\t\t\t<p>Wir bieten Ihnen Sicherheit, Kompetenz und Zuverl\u00e4ssigkeit im Ger\u00fcstbau. Mit uns finden Sie Ihren kompetenten Ansprechpartner f\u00fcr s\u00e4mtliche Ger\u00fcstkonstruktionen.<\/p>\n\t\t\t<a href=\"#Leistungen\" target=\"_self\" role=\"button\" rel=\"noopener noreferrer\">\n\t\t\t\t\t\t\t\t\t\t\tUnsere Leistungen\n\t\t<\/a>\n\t\t<h2>Schneller und zuverl\u00e4ssiger Service f\u00fcr Ihr Projekt. Wir sind f\u00fcr alles ger\u00fcstet.<\/h2>\n\t\t\t<a href=\"\/index.php\/home\/dienstleistungen\/\" target=\"_self\" role=\"button\" rel=\"noopener noreferrer\">\n\t\t\t\t\t\t\t\t\t\t\tDienstleistungen\n\t\t<\/a>\n\t<h3>\n\t\t\t\tHerzlich Willkommen bei Ihrem Meisterbetrieb f\u00fcr Ger\u00fcstbautechnik\n\t\t\t<\/h3>\n\t\t<p>Mit der Ger\u00fcstbautechnik Zimmermann GmbH &amp; Co KG finden Sie Ihren zertifizierten Ger\u00fcstbauspezialisten im Gro\u00dfraum Ulm und Neu-Ulm. Wir sind Ihr\u00a0kompetenter Ansprechpartner f\u00fcr\u00a0au\u00dfergew\u00f6hnliche sowie normale\u00a0Ger\u00fcstkonstruktionen. Spezialisiert haben wir uns auf den Bau von Modulger\u00fcsten im Bereich Industrie. Mit unseren motivierten Team k\u00f6nnen Sie sich auf fachm\u00e4nnische und zuverl\u00e4ssige Durchf\u00fchrung Ihres Projektes verlassen.<\/p>\t\n\t\t\t\t<img loading=\"lazy\" decoding=\"async\" src=\"https:\/\/geruestbau-ulm.de\/wp-content\/uploads\/2019\/05\/zimmermann-geruestbau-wir-schaffen-das.jpg\" alt=\"zimmermann-geruestbau-wir-schaffen-das\" itemprop=\"image\" height=\"534\" width=\"800\" title=\"zimmermann-geruestbau-wir-schaffen-das\" onerror=\"this.style.display='none'\"  \/>\n\t<h3>\n\t\t\t\tWir schaffen das\n\t\t\t<\/h3>\n\t\t<p>Unser Mitarbeiter verf\u00fcgen \u00fcber mehrj\u00e4hrige Berufserfahrung und sind in der Lage auch die au\u00dfergew\u00f6hnlichsten Ger\u00fcstanforderungen zu erstellen.<\/p>\t\n\t\t\t\t<img loading=\"lazy\" decoding=\"async\" src=\"https:\/\/geruestbau-ulm.de\/wp-content\/uploads\/2019\/05\/zimmermann-geruestbau-ulm-freundlicher-mitarbeiter1.jpg\" alt=\"zimmermann-geruestbau-ulm-freundlicher-mitarbeiter1\" itemprop=\"image\" height=\"533\" width=\"800\" title=\"zimmermann-geruestbau-ulm-freundlicher-mitarbeiter1\" onerror=\"this.style.display='none'\"  \/>\n\t<h3>\n\t\t\t\tAuf uns ist Verlass\n\t\t\t<\/h3>\n\t\t<p>Mit unserem starken und motivierten Team k\u00f6nnen Sie sicher sein, dass wir Ihre Auftr\u00e4ge\u00a0p\u00fcnktlich ausf\u00fchren k\u00f6nnen.<\/p>\t\n\t\t\t\t<img loading=\"lazy\" decoding=\"async\" src=\"https:\/\/geruestbau-ulm.de\/wp-content\/uploads\/2019\/05\/geruestbau-ulm12.jpg\" alt=\"geruestbau-ulm12\" itemprop=\"image\" height=\"373\" width=\"560\" title=\"geruestbau-ulm12\" onerror=\"this.style.display='none'\"  \/>\n\t<h3>\n\t\t\t\tWir sind flexibel\n\t\t\t<\/h3>\n\t\t<p>Unsere Dienstleistungen k\u00f6nnen auch im Nachtschichtbetrieb durchgef\u00fchrt werden. Wenn z.b in einem Kraftwerk das Ger\u00fcst erst in der Nacht abgebaut werden kann, ist dies kein Thema f\u00fcr uns.<\/p>\t\n","protected":false},"excerpt":{"rendered":"<p>Zimmermann Ger\u00fcstbautechnik Ihr zuverl\u00e4ssiger Partner f\u00fcr Ger\u00fcstbau im Gro\u00dfraum Ulm und Neu-Ulm. Wir bieten Ihnen Sicherheit, Kompetenz und Zuverl\u00e4ssigkeit im Ger\u00fcstbau. Mit uns finden Sie Ihren kompetenten Ansprechpartner f\u00fcr s\u00e4mtliche Ger\u00fcstkonstruktionen. Unsere Leistungen Schneller und zuverl\u00e4ssiger Service f\u00fcr Ihr Projekt. Wir sind f\u00fcr alles ger\u00fcstet. Dienstleistungen Herzlich Willkommen bei Ihrem Meisterbetrieb f\u00fcr Ger\u00fcstbautechnik Mit der&hellip;<\/p>\n","protected":false},"author":1,"featured_media":0,"parent":0,"menu_order":0,"comment_status":"closed","ping_status":"closed","template":"","meta":{"footnotes":""},"_links":{"self":[{"href":"https:\/\/geruestbau-ulm.de\/index.php\/wp-json\/wp\/v2\/pages\/5"}],"collection":[{"href":"https:\/\/geruestbau-ulm.de\/index.php\/wp-json\/wp\/v2\/pages"}],"about":[{"href":"https:\/\/geruestbau-ulm.de\/index.php\/wp-json\/wp\/v2\/types\/page"}],"author":[{"embeddable":true,"href":"https:\/\/geruestbau-ulm.de\/index.php\/wp-json\/wp\/v2\/users\/1"}],"replies":[{"embeddable":true,"href":"https:\/\/geruestbau-ulm.de\/index.php\/wp-json\/wp\/v2\/comments?post=5"}],"version-history":[{"count":51,"href":"https:\/\/geruestbau-ulm.de\/index.php\/wp-json\/wp\/v2\/pages\/5\/revisions"}],"predecessor-version":[{"id":397,"href":"https:\/\/geruestbau-ulm.de\/index.php\/wp-json\/wp\/v2\/pages\/5\/revisions\/397"}],"wp:attachment":[{"href":"https:\/\/geruestbau-ulm.de\/index.php\/wp-json\/wp\/v2\/media?parent=5"}],"curies":[{"name":"wp","href":"https:\/\/api.w.org\/{rel}","templated":true}]}}